{"id":29,"date":"2020-10-30T19:06:28","date_gmt":"2020-10-30T19:06:28","guid":{"rendered":"https:\/\/langsether-regnskap.no\/?page_id=29"},"modified":"2021-10-28T16:22:51","modified_gmt":"2021-10-28T16:22:51","slug":"om-oss","status":"publish","type":"page","link":"https:\/\/langsether-regnskap.no\/?page_id=29","title":{"rendered":"Om oss"},"content":{"rendered":"\n<p><strong>Langsether Regnskap AS er et autorisert regnskapsf\u00f8rerselskap som holder til p\u00e5 L\u00f8renskog rett utenfor Oslo.&nbsp;<\/strong><\/p>\n\n\n\n<figure class=\"wp-block-image size-large\"><img loading=\"lazy\" width=\"200\" height=\"200\" src=\"https:\/\/langsether-regnskap.no\/wp-content\/uploads\/2020\/10\/Skule-profilbilde.jpg\" alt=\"\" class=\"wp-image-13\" srcset=\"https:\/\/langsether-regnskap.no\/wp-content\/uploads\/2020\/10\/Skule-profilbilde.jpg 200w, https:\/\/langsether-regnskap.no\/wp-content\/uploads\/2020\/10\/Skule-profilbilde-150x150.jpg 150w, https:\/\/langsether-regnskap.no\/wp-content\/uploads\/2020\/10\/Skule-profilbilde-100x100.jpg 100w\" sizes=\"(max-width: 200px) 100vw, 200px\" \/><figcaption><em>Autorisert regnskapsf\u00f8rerselskap<\/em><br><em>Langsether Regnskap AS<\/em><br><em>S\u00f8ster Mathildes gate 22<\/em><br><em>1461 L\u00f8renskog<\/em><br><em>Epost: <a href=\"mailto:skule@langsether.no\">skule@langsether.no<\/a><\/em><br><em>Tlf: +47 909 46 292<\/em><\/figcaption><\/figure>\n\n\n\n<p><\/p>\n","protected":false},"excerpt":{"rendered":"<p>Langsether Regnskap AS er et autorisert regnskapsf\u00f8rerselskap som holder til p\u00e5 L\u00f8renskog rett utenfor Oslo.&nbsp;<\/p>\n","protected":false},"author":1,"featured_media":0,"parent":0,"menu_order":0,"comment_status":"closed","ping_status":"closed","template":"","meta":[],"_links":{"self":[{"href":"https:\/\/langsether-regnskap.no\/index.php?rest_route=\/wp\/v2\/pages\/29"}],"collection":[{"href":"https:\/\/langsether-regnskap.no\/index.php?rest_route=\/wp\/v2\/pages"}],"about":[{"href":"https:\/\/langsether-regnskap.no\/index.php?rest_route=\/wp\/v2\/types\/page"}],"author":[{"embeddable":true,"href":"https:\/\/langsether-regnskap.no\/index.php?rest_route=\/wp\/v2\/users\/1"}],"replies":[{"embeddable":true,"href":"https:\/\/langsether-regnskap.no\/index.php?rest_route=%2Fwp%2Fv2%2Fcomments&post=29"}],"version-history":[{"count":2,"href":"https:\/\/langsether-regnskap.no\/index.php?rest_route=\/wp\/v2\/pages\/29\/revisions"}],"predecessor-version":[{"id":61,"href":"https:\/\/langsether-regnskap.no\/index.php?rest_route=\/wp\/v2\/pages\/29\/revisions\/61"}],"wp:attachment":[{"href":"https:\/\/langsether-regnskap.no\/index.php?rest_route=%2Fwp%2Fv2%2Fmedia&parent=29"}],"curies":[{"name":"wp","href":"https:\/\/api.w.org\/{rel}","templated":true}]}}