{"id":41,"date":"2020-10-30T19:27:56","date_gmt":"2020-10-30T19:27:56","guid":{"rendered":"https:\/\/langsether-regnskap.no\/?page_id=41"},"modified":"2020-10-30T19:27:56","modified_gmt":"2020-10-30T19:27:56","slug":"referanser","status":"publish","type":"page","link":"https:\/\/langsether-regnskap.no\/?page_id=41","title":{"rendered":"Referanser"},"content":{"rendered":"\n<p>AB Plan Arve Bj\u00f8rnli<br>Kjempeforn\u00f8yd med Langsether Regnskap AS. Kan p\u00e5 det varmeste anbefales. Meget profesjonell gjennomf\u00f8ring, ryddig og effektiv samt at kommunikasjonen har g\u00e5tt 100 prosent smertefritt. ANBEFALES !!<\/p>\n","protected":false},"excerpt":{"rendered":"<p>AB Plan Arve Bj\u00f8rnliKjempeforn\u00f8yd med Langsether Regnskap AS. Kan p\u00e5 det varmeste anbefales. Meget profesjonell gjennomf\u00f8ring, ryddig og effektiv samt at kommunikasjonen har g\u00e5tt 100 prosent smertefritt. ANBEFALES !!<\/p>\n","protected":false},"author":1,"featured_media":0,"parent":0,"menu_order":0,"comment_status":"closed","ping_status":"closed","template":"","meta":[],"_links":{"self":[{"href":"https:\/\/langsether-regnskap.no\/index.php?rest_route=\/wp\/v2\/pages\/41"}],"collection":[{"href":"https:\/\/langsether-regnskap.no\/index.php?rest_route=\/wp\/v2\/pages"}],"about":[{"href":"https:\/\/langsether-regnskap.no\/index.php?rest_route=\/wp\/v2\/types\/page"}],"author":[{"embeddable":true,"href":"https:\/\/langsether-regnskap.no\/index.php?rest_route=\/wp\/v2\/users\/1"}],"replies":[{"embeddable":true,"href":"https:\/\/langsether-regnskap.no\/index.php?rest_route=%2Fwp%2Fv2%2Fcomments&post=41"}],"version-history":[{"count":1,"href":"https:\/\/langsether-regnskap.no\/index.php?rest_route=\/wp\/v2\/pages\/41\/revisions"}],"predecessor-version":[{"id":42,"href":"https:\/\/langsether-regnskap.no\/index.php?rest_route=\/wp\/v2\/pages\/41\/revisions\/42"}],"wp:attachment":[{"href":"https:\/\/langsether-regnskap.no\/index.php?rest_route=%2Fwp%2Fv2%2Fmedia&parent=41"}],"curies":[{"name":"wp","href":"https:\/\/api.w.org\/{rel}","templated":true}]}}